{"id":859,"date":"2026-02-07T05:10:01","date_gmt":"2026-02-07T05:10:01","guid":{"rendered":"https:\/\/trofeosmotiva.com\/?post_type=product&#038;p=859"},"modified":"2026-02-07T05:10:01","modified_gmt":"2026-02-07T05:10:01","slug":"reco-placa","status":"publish","type":"product","link":"https:\/\/trofeosmotiva.com\/index.php\/producto\/reco-placa\/","title":{"rendered":"RECO PLACA"},"content":{"rendered":"","protected":false},"excerpt":{"rendered":"","protected":false},"featured_media":860,"comment_status":"open","ping_status":"closed","template":"","meta":[],"product_brand":[],"product_cat":[36,35],"product_tag":[],"class_list":{"0":"post-859","1":"product","2":"type-product","3":"status-publish","4":"has-post-thumbnail","6":"product_cat-placas","7":"product_cat-reconocimientos","9":"first","10":"instock","11":"shipping-taxable","12":"product-type-simple"},"yoast_head":"<!-- This site is optimized with the Yoast SEO plugin v27.2 - https:\/\/yoast.com\/product\/yoast-seo-wordpress\/ -->\n<title>RECO PLACA - Trofeos Reconocimientos y Medallas<\/title>\n<meta name=\"robots\" content=\"index, follow, max-snippet:-1, max-image-preview:large, max-video-preview:-1\" \/>\n<link rel=\"canonical\" href=\"https:\/\/trofeosmotiva.com\/index.php\/producto\/reco-placa\/\" \/>\n<meta property=\"og:locale\" content=\"es_ES\" \/>\n<meta property=\"og:type\" content=\"article\" \/>\n<meta property=\"og:title\" content=\"RECO PLACA - Trofeos Reconocimientos y Medallas\" \/>\n<meta property=\"og:url\" content=\"https:\/\/trofeosmotiva.com\/index.php\/producto\/reco-placa\/\" \/>\n<meta property=\"og:site_name\" content=\"Trofeos Reconocimientos y Medallas\" \/>\n<meta property=\"og:image\" content=\"https:\/\/trofeosmotiva.com\/wp-content\/uploads\/2026\/02\/RECOLAMICOID2.jpeg\" \/>\n\t<meta property=\"og:image:width\" content=\"1536\" \/>\n\t<meta property=\"og:image:height\" content=\"1024\" \/>\n\t<meta property=\"og:image:type\" content=\"image\/jpeg\" \/>\n<meta name=\"twitter:card\" content=\"summary_large_image\" \/>\n<meta name=\"twitter:label1\" content=\"Tiempo de lectura\" \/>\n\t<meta name=\"twitter:data1\" content=\"1 minuto\" \/>\n<script type=\"application\/ld+json\" class=\"yoast-schema-graph\">{\"@context\":\"https:\/\/schema.org\",\"@graph\":[{\"@type\":\"WebPage\",\"@id\":\"https:\/\/trofeosmotiva.com\/index.php\/producto\/reco-placa\/\",\"url\":\"https:\/\/trofeosmotiva.com\/index.php\/producto\/reco-placa\/\",\"name\":\"RECO PLACA - Trofeos Reconocimientos y Medallas\",\"isPartOf\":{\"@id\":\"https:\/\/trofeosmotiva.com\/#website\"},\"primaryImageOfPage\":{\"@id\":\"https:\/\/trofeosmotiva.com\/index.php\/producto\/reco-placa\/#primaryimage\"},\"image\":{\"@id\":\"https:\/\/trofeosmotiva.com\/index.php\/producto\/reco-placa\/#primaryimage\"},\"thumbnailUrl\":\"https:\/\/trofeosmotiva.com\/wp-content\/uploads\/2026\/02\/RECOLAMICOID2.jpeg\",\"datePublished\":\"2026-02-07T05:10:01+00:00\",\"breadcrumb\":{\"@id\":\"https:\/\/trofeosmotiva.com\/index.php\/producto\/reco-placa\/#breadcrumb\"},\"inLanguage\":\"es\",\"potentialAction\":[{\"@type\":\"ReadAction\",\"target\":[\"https:\/\/trofeosmotiva.com\/index.php\/producto\/reco-placa\/\"]}]},{\"@type\":\"ImageObject\",\"inLanguage\":\"es\",\"@id\":\"https:\/\/trofeosmotiva.com\/index.php\/producto\/reco-placa\/#primaryimage\",\"url\":\"https:\/\/trofeosmotiva.com\/wp-content\/uploads\/2026\/02\/RECOLAMICOID2.jpeg\",\"contentUrl\":\"https:\/\/trofeosmotiva.com\/wp-content\/uploads\/2026\/02\/RECOLAMICOID2.jpeg\",\"width\":1536,\"height\":1024},{\"@type\":\"BreadcrumbList\",\"@id\":\"https:\/\/trofeosmotiva.com\/index.php\/producto\/reco-placa\/#breadcrumb\",\"itemListElement\":[{\"@type\":\"ListItem\",\"position\":1,\"name\":\"Portada\",\"item\":\"https:\/\/trofeosmotiva.com\/\"},{\"@type\":\"ListItem\",\"position\":2,\"name\":\"Productos\",\"item\":\"https:\/\/trofeosmotiva.com\/index.php\/products\/\"},{\"@type\":\"ListItem\",\"position\":3,\"name\":\"RECO PLACA\"}]},{\"@type\":\"WebSite\",\"@id\":\"https:\/\/trofeosmotiva.com\/#website\",\"url\":\"https:\/\/trofeosmotiva.com\/\",\"name\":\"Trofeos Reconocimientos y Medallas\",\"description\":\"Especialistas en premiaciones con 20 de a\u00f1os de experiencia en corte y grabado l\u00e1ser, nos especializamos en trofeos de cristal, vidrio y acr\u00edlico.\",\"publisher\":{\"@id\":\"https:\/\/trofeosmotiva.com\/#organization\"},\"potentialAction\":[{\"@type\":\"SearchAction\",\"target\":{\"@type\":\"EntryPoint\",\"urlTemplate\":\"https:\/\/trofeosmotiva.com\/?s={search_term_string}\"},\"query-input\":{\"@type\":\"PropertyValueSpecification\",\"valueRequired\":true,\"valueName\":\"search_term_string\"}}],\"inLanguage\":\"es\"},{\"@type\":\"Organization\",\"@id\":\"https:\/\/trofeosmotiva.com\/#organization\",\"name\":\"Trofeos Reconocimientos y Medallas\",\"url\":\"https:\/\/trofeosmotiva.com\/\",\"logo\":{\"@type\":\"ImageObject\",\"inLanguage\":\"es\",\"@id\":\"https:\/\/trofeosmotiva.com\/#\/schema\/logo\/image\/\",\"url\":\"https:\/\/trofeosmotiva.com\/wp-content\/uploads\/2025\/10\/ARCHIVOMOTIVA-2023.png\",\"contentUrl\":\"https:\/\/trofeosmotiva.com\/wp-content\/uploads\/2025\/10\/ARCHIVOMOTIVA-2023.png\",\"width\":2191,\"height\":1008,\"caption\":\"Trofeos Reconocimientos y Medallas\"},\"image\":{\"@id\":\"https:\/\/trofeosmotiva.com\/#\/schema\/logo\/image\/\"}}]}<\/script>\n<!-- \/ Yoast SEO plugin. -->","yoast_head_json":{"title":"RECO PLACA - Trofeos Reconocimientos y Medallas","robots":{"index":"index","follow":"follow","max-snippet":"max-snippet:-1","max-image-preview":"max-image-preview:large","max-video-preview":"max-video-preview:-1"},"canonical":"https:\/\/trofeosmotiva.com\/index.php\/producto\/reco-placa\/","og_locale":"es_ES","og_type":"article","og_title":"RECO PLACA - Trofeos Reconocimientos y Medallas","og_url":"https:\/\/trofeosmotiva.com\/index.php\/producto\/reco-placa\/","og_site_name":"Trofeos Reconocimientos y Medallas","og_image":[{"width":1536,"height":1024,"url":"https:\/\/trofeosmotiva.com\/wp-content\/uploads\/2026\/02\/RECOLAMICOID2.jpeg","type":"image\/jpeg"}],"twitter_card":"summary_large_image","twitter_misc":{"Tiempo de lectura":"1 minuto"},"schema":{"@context":"https:\/\/schema.org","@graph":[{"@type":"WebPage","@id":"https:\/\/trofeosmotiva.com\/index.php\/producto\/reco-placa\/","url":"https:\/\/trofeosmotiva.com\/index.php\/producto\/reco-placa\/","name":"RECO PLACA - Trofeos Reconocimientos y Medallas","isPartOf":{"@id":"https:\/\/trofeosmotiva.com\/#website"},"primaryImageOfPage":{"@id":"https:\/\/trofeosmotiva.com\/index.php\/producto\/reco-placa\/#primaryimage"},"image":{"@id":"https:\/\/trofeosmotiva.com\/index.php\/producto\/reco-placa\/#primaryimage"},"thumbnailUrl":"https:\/\/trofeosmotiva.com\/wp-content\/uploads\/2026\/02\/RECOLAMICOID2.jpeg","datePublished":"2026-02-07T05:10:01+00:00","breadcrumb":{"@id":"https:\/\/trofeosmotiva.com\/index.php\/producto\/reco-placa\/#breadcrumb"},"inLanguage":"es","potentialAction":[{"@type":"ReadAction","target":["https:\/\/trofeosmotiva.com\/index.php\/producto\/reco-placa\/"]}]},{"@type":"ImageObject","inLanguage":"es","@id":"https:\/\/trofeosmotiva.com\/index.php\/producto\/reco-placa\/#primaryimage","url":"https:\/\/trofeosmotiva.com\/wp-content\/uploads\/2026\/02\/RECOLAMICOID2.jpeg","contentUrl":"https:\/\/trofeosmotiva.com\/wp-content\/uploads\/2026\/02\/RECOLAMICOID2.jpeg","width":1536,"height":1024},{"@type":"BreadcrumbList","@id":"https:\/\/trofeosmotiva.com\/index.php\/producto\/reco-placa\/#breadcrumb","itemListElement":[{"@type":"ListItem","position":1,"name":"Portada","item":"https:\/\/trofeosmotiva.com\/"},{"@type":"ListItem","position":2,"name":"Productos","item":"https:\/\/trofeosmotiva.com\/index.php\/products\/"},{"@type":"ListItem","position":3,"name":"RECO PLACA"}]},{"@type":"WebSite","@id":"https:\/\/trofeosmotiva.com\/#website","url":"https:\/\/trofeosmotiva.com\/","name":"Trofeos Reconocimientos y Medallas","description":"Especialistas en premiaciones con 20 de a\u00f1os de experiencia en corte y grabado l\u00e1ser, nos especializamos en trofeos de cristal, vidrio y acr\u00edlico.","publisher":{"@id":"https:\/\/trofeosmotiva.com\/#organization"},"potentialAction":[{"@type":"SearchAction","target":{"@type":"EntryPoint","urlTemplate":"https:\/\/trofeosmotiva.com\/?s={search_term_string}"},"query-input":{"@type":"PropertyValueSpecification","valueRequired":true,"valueName":"search_term_string"}}],"inLanguage":"es"},{"@type":"Organization","@id":"https:\/\/trofeosmotiva.com\/#organization","name":"Trofeos Reconocimientos y Medallas","url":"https:\/\/trofeosmotiva.com\/","logo":{"@type":"ImageObject","inLanguage":"es","@id":"https:\/\/trofeosmotiva.com\/#\/schema\/logo\/image\/","url":"https:\/\/trofeosmotiva.com\/wp-content\/uploads\/2025\/10\/ARCHIVOMOTIVA-2023.png","contentUrl":"https:\/\/trofeosmotiva.com\/wp-content\/uploads\/2025\/10\/ARCHIVOMOTIVA-2023.png","width":2191,"height":1008,"caption":"Trofeos Reconocimientos y Medallas"},"image":{"@id":"https:\/\/trofeosmotiva.com\/#\/schema\/logo\/image\/"}}]}},"jetpack_sharing_enabled":true,"_links":{"self":[{"href":"https:\/\/trofeosmotiva.com\/index.php\/wp-json\/wp\/v2\/product\/859","targetHints":{"allow":["GET"]}}],"collection":[{"href":"https:\/\/trofeosmotiva.com\/index.php\/wp-json\/wp\/v2\/product"}],"about":[{"href":"https:\/\/trofeosmotiva.com\/index.php\/wp-json\/wp\/v2\/types\/product"}],"replies":[{"embeddable":true,"href":"https:\/\/trofeosmotiva.com\/index.php\/wp-json\/wp\/v2\/comments?post=859"}],"wp:featuredmedia":[{"embeddable":true,"href":"https:\/\/trofeosmotiva.com\/index.php\/wp-json\/wp\/v2\/media\/860"}],"wp:attachment":[{"href":"https:\/\/trofeosmotiva.com\/index.php\/wp-json\/wp\/v2\/media?parent=859"}],"wp:term":[{"taxonomy":"product_brand","embeddable":true,"href":"https:\/\/trofeosmotiva.com\/index.php\/wp-json\/wp\/v2\/product_brand?post=859"},{"taxonomy":"product_cat","embeddable":true,"href":"https:\/\/trofeosmotiva.com\/index.php\/wp-json\/wp\/v2\/product_cat?post=859"},{"taxonomy":"product_tag","embeddable":true,"href":"https:\/\/trofeosmotiva.com\/index.php\/wp-json\/wp\/v2\/product_tag?post=859"}],"curies":[{"name":"wp","href":"https:\/\/api.w.org\/{rel}","templated":true}]}}