{"id":690,"date":"2022-04-28T13:50:13","date_gmt":"2022-04-28T13:50:13","guid":{"rendered":"https:\/\/startersites.io\/blocksy\/gadgets\/?page_id=16"},"modified":"2025-10-26T06:56:48","modified_gmt":"2025-10-26T06:56:48","slug":"about-us","status":"publish","type":"page","link":"https:\/\/trofeosmotiva.com\/index.php\/about-us\/","title":{"rendered":"Nosotros"},"content":{"rendered":"\n<style>\n  body {\n    background-color: #000000 !important;\n    color: #ffffff !important;\n  }\n<\/style>\n\n\n\n<div class=\"wp-block-stackable-columns stk-block-columns stk-block stk-68098e8\" data-block-id=\"68098e8\"><div class=\"stk-row stk-inner-blocks stk-block-content stk-content-align stk-68098e8-column\">\n<div class=\"wp-block-stackable-column stk-block-column stk-column stk-block stk-9e9b812\" data-v=\"4\" data-block-id=\"9e9b812\"><div class=\"stk-column-wrapper stk-block-column__content stk-container stk-9e9b812-container stk--no-background stk--no-padding\"><div class=\"stk-block-content stk-inner-blocks stk-9e9b812-inner-blocks\">\n<figure class=\"wp-block-image size-large\"><img loading=\"lazy\" decoding=\"async\" width=\"1024\" height=\"688\" src=\"https:\/\/trofeosmotiva.com\/wp-content\/uploads\/2025\/10\/843de7e3-7d73-4aa8-9deb-37565a53fa16-e1761461795311-1024x688.jpeg\" alt=\"\" class=\"wp-image-774\" srcset=\"https:\/\/trofeosmotiva.com\/wp-content\/uploads\/2025\/10\/843de7e3-7d73-4aa8-9deb-37565a53fa16-e1761461795311-1024x688.jpeg 1024w, https:\/\/trofeosmotiva.com\/wp-content\/uploads\/2025\/10\/843de7e3-7d73-4aa8-9deb-37565a53fa16-e1761461795311-300x202.jpeg 300w, https:\/\/trofeosmotiva.com\/wp-content\/uploads\/2025\/10\/843de7e3-7d73-4aa8-9deb-37565a53fa16-e1761461795311-768x516.jpeg 768w, https:\/\/trofeosmotiva.com\/wp-content\/uploads\/2025\/10\/843de7e3-7d73-4aa8-9deb-37565a53fa16-e1761461795311-500x336.jpeg 500w, https:\/\/trofeosmotiva.com\/wp-content\/uploads\/2025\/10\/843de7e3-7d73-4aa8-9deb-37565a53fa16-e1761461795311-600x403.jpeg 600w, https:\/\/trofeosmotiva.com\/wp-content\/uploads\/2025\/10\/843de7e3-7d73-4aa8-9deb-37565a53fa16-e1761461795311.jpeg 1280w\" sizes=\"auto, (max-width: 1024px) 100vw, 1024px\" \/><\/figure>\n<\/div><\/div><\/div>\n\n\n\n<div class=\"wp-block-stackable-column stk-block-column stk-column stk-block stk-c0e2586\" data-v=\"4\" data-block-id=\"c0e2586\"><div class=\"stk-column-wrapper stk-block-column__content stk-container stk-c0e2586-container stk--no-background stk--no-padding\"><div class=\"stk-block-content stk-inner-blocks stk-c0e2586-inner-blocks\">\n<div style=\"color: #ffffff; font-family: 'Segoe UI', sans-serif; padding: 1.5em; max-width: 800px; margin: auto;\">\n  <h2 style=\"color: #ffffff; font-size: 1.8em; margin-bottom: 0.5em;\">Nuestra Misi\u00f3n<\/h2>\n  <p style=\"font-size: 1.1em; line-height: 1.6;\">\n    Nuestra misi\u00f3n es clara: <strong>la Motivaci\u00f3n y el Reconocimiento a los profesionales<\/strong> crea m\u00e1s triunfadores e inspira a m\u00e1s entusiastas que luchan d\u00eda a d\u00eda por el \u00c9xito. Al esfuerzo se le debe premiar con lo mejor\u2026 \u00a1y nosotros lo tenemos para usted!\n  <\/p>\n<\/div>\n<\/div><\/div><\/div>\n<\/div><\/div>\n\n\n\n<p><\/p>\n","protected":false},"excerpt":{"rendered":"<p>Nuestra Misi\u00f3n Nuestra misi\u00f3n es clara: la Motivaci\u00f3n y el Reconocimiento a los profesionales crea m\u00e1s triunfadores e inspira a m\u00e1s entusiastas que luchan d\u00eda a d\u00eda por el \u00c9xito. Al esfuerzo se le debe premiar con lo mejor\u2026 \u00a1y nosotros lo tenemos para usted!<\/p>\n","protected":false},"author":1,"featured_media":0,"parent":0,"menu_order":0,"comment_status":"closed","ping_status":"closed","template":"","meta":{"footnotes":""},"class_list":["post-690","page","type-page","status-publish","hentry"],"blocksy_meta":{"page_title_panel":"","has_hero_section":"disabled","e526bf15e511397327c0ea7c622e70d5":"","hero_section":"type-1","hero_elements":[{"id":"custom_title","enabled":true,"heading_tag":"h1","title":"Home"},{"id":"custom_description","enabled":true,"description_visibility":{"desktop":true,"tablet":true,"mobile":false}},{"id":"custom_meta","enabled":false,"meta_elements":[{"id":"author","enabled":true,"label":"By","has_author_avatar":"yes","avatar_size":25},{"id":"post_date","enabled":true,"label":"On","date_format_source":"default","date_format":"M j, Y"},{"id":"updated_date","enabled":false,"label":"On","date_format_source":"default","date_format":"M j, Y"},{"id":"categories","enabled":false,"label":"In","style":"simple"},{"id":"comments","enabled":true}],"page_meta_elements":{"joined":true,"articles_count":true,"comments":true}},{"id":"breadcrumbs","enabled":false}],"e215eb52d97ca5ebf9ff3868ffff48c4":"","hero_alignment1":"CT_CSS_SKIP_RULE","hero_margin":40,"hero_alignment2":"center","hero_vertical_alignment":"center","9ab8835f9687c382b8c48ee74eb290b1":"","hero_structure":"narrow","9fcb5372e27f299ebb25c8a4aba6c935":"","page_title_bg_type":"featured_image","custom_hero_background":{"attachment_id":null},"page_title_image_size":"full","parallax":{"desktop":false,"tablet":false,"mobile":false},"a6bd30db6f7128ca14dd777aa48118ec":"","hero_height":"250px","pageTitleFont":{"family":"Default","variation":"Default","size":"30px","line-height":"CT_CSS_SKIP_RULE","letter-spacing":"CT_CSS_SKIP_RULE","text-transform":"CT_CSS_SKIP_RULE","text-decoration":"CT_CSS_SKIP_RULE"},"pageTitleFontColor":{"default":{"color":"CT_CSS_SKIP_RULEDEFAULT"}},"pageMetaFont":{"family":"Default","variation":"n6","size":"12px","line-height":"1.3","letter-spacing":"CT_CSS_SKIP_RULE","text-transform":"uppercase","text-decoration":"CT_CSS_SKIP_RULE"},"pageMetaFontColor":{"default":{"color":"CT_CSS_SKIP_RULEDEFAULT"},"hover":{"color":"CT_CSS_SKIP_RULEDEFAULT"}},"page_meta_button_type_font_colors":{"default":{"color":"CT_CSS_SKIP_RULEDEFAULT"},"hover":{"color":"CT_CSS_SKIP_RULEDEFAULT"}},"page_meta_button_type_background_colors":{"default":{"color":"CT_CSS_SKIP_RULEDEFAULT"},"hover":{"color":"CT_CSS_SKIP_RULEDEFAULT"}},"pageExcerptFont":{"family":"Default","variation":"Default","size":"CT_CSS_SKIP_RULE","line-height":"CT_CSS_SKIP_RULE","letter-spacing":"CT_CSS_SKIP_RULE","text-transform":"CT_CSS_SKIP_RULE","text-decoration":"CT_CSS_SKIP_RULE"},"pageExcerptColor":{"default":{"color":"CT_CSS_SKIP_RULEDEFAULT"}},"breadcrumbsFont":{"family":"Default","variation":"Default","size":"CT_CSS_SKIP_RULE","line-height":"CT_CSS_SKIP_RULE","letter-spacing":"CT_CSS_SKIP_RULE","text-transform":"CT_CSS_SKIP_RULE","text-decoration":"CT_CSS_SKIP_RULE"},"breadcrumbsFontColor":{"default":{"color":"CT_CSS_SKIP_RULEDEFAULT"},"initial":{"color":"CT_CSS_SKIP_RULEDEFAULT"},"hover":{"color":"CT_CSS_SKIP_RULEDEFAULT"}},"pageTitleOverlay":{"background_type":"color","background_pattern":"type-1","background_image":{"attachment_id":null,"x":0,"y":0},"gradient":"linear-gradient(135deg,rgba(6,147,227,1) 0%,rgb(155,81,224) 100%)","background_repeat":"repeat","background_size":"auto","background_attachment":"scroll","patternColor":{"default":{"color":"#e5e7ea"}},"overlayColor":{"default":{"color":"CT_CSS_SKIP_RULE"}},"backgroundColor":{"default":{"color":"CT_CSS_SKIP_RULE"}}},"pageTitleBackground":{"background_type":"color","background_pattern":"type-1","background_image":{"attachment_id":null,"x":0,"y":0},"gradient":"linear-gradient(135deg,rgba(6,147,227,1) 0%,rgb(155,81,224) 100%)","background_repeat":"repeat","background_size":"auto","background_attachment":"scroll","patternColor":{"default":{"color":"#e5e7ea"}},"overlayColor":{"default":{"color":"CT_CSS_SKIP_RULE"}},"backgroundColor":{"default":{"color":"var(--theme-palette-color-6)"}}},"pageTitlePadding":{"top":"50px","bottom":"50px","left":"auto","right":"auto","linked":true},"17dd88181336b93c39910ae374bba20f":"","page_structure_type":"default","dc61af32236be1bc5ecce3249dcc2da4":"","content_style_source":"inherit","content_style":"wide","vertical_spacing_source":"custom","content_area_spacing":"none","background":{"background_type":"color","background_pattern":"type-1","background_image":{"attachment_id":null,"x":0,"y":0},"gradient":"linear-gradient(135deg,rgba(6,147,227,1) 0%,rgb(155,81,224) 100%)","background_repeat":"repeat","background_size":"auto","background_attachment":"scroll","patternColor":{"default":{"color":"#e5e7ea"}},"overlayColor":{"default":{"color":"CT_CSS_SKIP_RULE"}},"backgroundColor":{"default":{"color":"CT_CSS_SKIP_RULE"}}},"content_background":{"background_type":"color","background_pattern":"type-1","background_image":{"attachment_id":null,"x":0,"y":0},"gradient":"linear-gradient(135deg,rgba(6,147,227,1) 0%,rgb(155,81,224) 100%)","background_repeat":"repeat","background_size":"auto","background_attachment":"scroll","patternColor":{"default":{"color":"#e5e7ea"}},"overlayColor":{"default":{"color":"CT_CSS_SKIP_RULE"}},"backgroundColor":{"default":{"color":"var(--theme-palette-color-8)"}}},"content_boxed_shadow":{"inherit":false,"blur":18,"spread":-6,"v_offset":12,"h_offset":0,"inset":false,"enable":true,"color":{"color":"rgba(34, 56, 101, 0.04)"}},"boxed_content_spacing":{"desktop":{"top":"40px","bottom":"40px","left":"40px","right":"40px","linked":true},"tablet":{"top":"35px","bottom":"35px","left":"35px","right":"35px","linked":true},"mobile":{"top":"20px","bottom":"20px","left":"20px","right":"20px","linked":true}},"content_boxed_radius":{"top":"3px","bottom":"3px","left":"3px","right":"3px","linked":true},"27df1c2ee6c2fdf36e31c6059ce1ce37":"","disable_featured_image":"no","disable_share_box":"no","disable_header":"no","disable_footer":"no","styles_descriptor":{"styles":{"desktop":"","tablet":"","mobile":""},"google_fonts":[],"version":6}},"yoast_head":"<!-- This site is optimized with the Yoast SEO plugin v27.2 - https:\/\/yoast.com\/product\/yoast-seo-wordpress\/ -->\n<title>Nosotros - Trofeos Reconocimientos y Medallas<\/title>\n<meta name=\"robots\" content=\"index, follow, max-snippet:-1, max-image-preview:large, max-video-preview:-1\" \/>\n<link rel=\"canonical\" href=\"https:\/\/trofeosmotiva.com\/index.php\/about-us\/\" \/>\n<meta property=\"og:locale\" content=\"es_ES\" \/>\n<meta property=\"og:type\" content=\"article\" \/>\n<meta property=\"og:title\" content=\"Nosotros - Trofeos Reconocimientos y Medallas\" \/>\n<meta property=\"og:description\" content=\"Nuestra Misi\u00f3n Nuestra misi\u00f3n es clara: la Motivaci\u00f3n y el Reconocimiento a los profesionales crea m\u00e1s triunfadores e inspira a m\u00e1s entusiastas que luchan d\u00eda a d\u00eda por el \u00c9xito. Al esfuerzo se le debe premiar con lo mejor\u2026 \u00a1y nosotros lo tenemos para usted!\" \/>\n<meta property=\"og:url\" content=\"https:\/\/trofeosmotiva.com\/index.php\/about-us\/\" \/>\n<meta property=\"og:site_name\" content=\"Trofeos Reconocimientos y Medallas\" \/>\n<meta property=\"article:modified_time\" content=\"2025-10-26T06:56:48+00:00\" \/>\n<meta property=\"og:image\" content=\"https:\/\/trofeosmotiva.com\/wp-content\/uploads\/2025\/10\/843de7e3-7d73-4aa8-9deb-37565a53fa16-e1761461795311.jpeg\" \/>\n\t<meta property=\"og:image:width\" content=\"1280\" \/>\n\t<meta property=\"og:image:height\" content=\"860\" \/>\n\t<meta property=\"og:image:type\" content=\"image\/jpeg\" \/>\n<meta name=\"twitter:card\" content=\"summary_large_image\" \/>\n<meta name=\"twitter:label1\" content=\"Tiempo de lectura\" \/>\n\t<meta name=\"twitter:data1\" content=\"1 minuto\" \/>\n<script type=\"application\/ld+json\" class=\"yoast-schema-graph\">{\"@context\":\"https:\/\/schema.org\",\"@graph\":[{\"@type\":\"WebPage\",\"@id\":\"https:\/\/trofeosmotiva.com\/index.php\/about-us\/\",\"url\":\"https:\/\/trofeosmotiva.com\/index.php\/about-us\/\",\"name\":\"Nosotros - Trofeos Reconocimientos y Medallas\",\"isPartOf\":{\"@id\":\"https:\/\/trofeosmotiva.com\/#website\"},\"primaryImageOfPage\":{\"@id\":\"https:\/\/trofeosmotiva.com\/index.php\/about-us\/#primaryimage\"},\"image\":{\"@id\":\"https:\/\/trofeosmotiva.com\/index.php\/about-us\/#primaryimage\"},\"thumbnailUrl\":\"https:\/\/trofeosmotiva.com\/wp-content\/uploads\/2025\/10\/843de7e3-7d73-4aa8-9deb-37565a53fa16-e1761461795311-1024x688.jpeg\",\"datePublished\":\"2022-04-28T13:50:13+00:00\",\"dateModified\":\"2025-10-26T06:56:48+00:00\",\"breadcrumb\":{\"@id\":\"https:\/\/trofeosmotiva.com\/index.php\/about-us\/#breadcrumb\"},\"inLanguage\":\"es\",\"potentialAction\":[{\"@type\":\"ReadAction\",\"target\":[\"https:\/\/trofeosmotiva.com\/index.php\/about-us\/\"]}]},{\"@type\":\"ImageObject\",\"inLanguage\":\"es\",\"@id\":\"https:\/\/trofeosmotiva.com\/index.php\/about-us\/#primaryimage\",\"url\":\"https:\/\/trofeosmotiva.com\/wp-content\/uploads\/2025\/10\/843de7e3-7d73-4aa8-9deb-37565a53fa16-e1761461795311.jpeg\",\"contentUrl\":\"https:\/\/trofeosmotiva.com\/wp-content\/uploads\/2025\/10\/843de7e3-7d73-4aa8-9deb-37565a53fa16-e1761461795311.jpeg\",\"width\":1280,\"height\":860},{\"@type\":\"BreadcrumbList\",\"@id\":\"https:\/\/trofeosmotiva.com\/index.php\/about-us\/#breadcrumb\",\"itemListElement\":[{\"@type\":\"ListItem\",\"position\":1,\"name\":\"Portada\",\"item\":\"https:\/\/trofeosmotiva.com\/\"},{\"@type\":\"ListItem\",\"position\":2,\"name\":\"Nosotros\"}]},{\"@type\":\"WebSite\",\"@id\":\"https:\/\/trofeosmotiva.com\/#website\",\"url\":\"https:\/\/trofeosmotiva.com\/\",\"name\":\"Trofeos Reconocimientos y Medallas\",\"description\":\"Especialistas en premiaciones con 20 de a\u00f1os de experiencia en corte y grabado l\u00e1ser, nos especializamos en trofeos de cristal, vidrio y acr\u00edlico.\",\"publisher\":{\"@id\":\"https:\/\/trofeosmotiva.com\/#organization\"},\"potentialAction\":[{\"@type\":\"SearchAction\",\"target\":{\"@type\":\"EntryPoint\",\"urlTemplate\":\"https:\/\/trofeosmotiva.com\/?s={search_term_string}\"},\"query-input\":{\"@type\":\"PropertyValueSpecification\",\"valueRequired\":true,\"valueName\":\"search_term_string\"}}],\"inLanguage\":\"es\"},{\"@type\":\"Organization\",\"@id\":\"https:\/\/trofeosmotiva.com\/#organization\",\"name\":\"Trofeos Reconocimientos y Medallas\",\"url\":\"https:\/\/trofeosmotiva.com\/\",\"logo\":{\"@type\":\"ImageObject\",\"inLanguage\":\"es\",\"@id\":\"https:\/\/trofeosmotiva.com\/#\/schema\/logo\/image\/\",\"url\":\"https:\/\/trofeosmotiva.com\/wp-content\/uploads\/2025\/10\/ARCHIVOMOTIVA-2023.png\",\"contentUrl\":\"https:\/\/trofeosmotiva.com\/wp-content\/uploads\/2025\/10\/ARCHIVOMOTIVA-2023.png\",\"width\":2191,\"height\":1008,\"caption\":\"Trofeos Reconocimientos y Medallas\"},\"image\":{\"@id\":\"https:\/\/trofeosmotiva.com\/#\/schema\/logo\/image\/\"}}]}<\/script>\n<!-- \/ Yoast SEO plugin. -->","yoast_head_json":{"title":"Nosotros - Trofeos Reconocimientos y Medallas","robots":{"index":"index","follow":"follow","max-snippet":"max-snippet:-1","max-image-preview":"max-image-preview:large","max-video-preview":"max-video-preview:-1"},"canonical":"https:\/\/trofeosmotiva.com\/index.php\/about-us\/","og_locale":"es_ES","og_type":"article","og_title":"Nosotros - Trofeos Reconocimientos y Medallas","og_description":"Nuestra Misi\u00f3n Nuestra misi\u00f3n es clara: la Motivaci\u00f3n y el Reconocimiento a los profesionales crea m\u00e1s triunfadores e inspira a m\u00e1s entusiastas que luchan d\u00eda a d\u00eda por el \u00c9xito. Al esfuerzo se le debe premiar con lo mejor\u2026 \u00a1y nosotros lo tenemos para usted!","og_url":"https:\/\/trofeosmotiva.com\/index.php\/about-us\/","og_site_name":"Trofeos Reconocimientos y Medallas","article_modified_time":"2025-10-26T06:56:48+00:00","og_image":[{"width":1280,"height":860,"url":"https:\/\/trofeosmotiva.com\/wp-content\/uploads\/2025\/10\/843de7e3-7d73-4aa8-9deb-37565a53fa16-e1761461795311.jpeg","type":"image\/jpeg"}],"twitter_card":"summary_large_image","twitter_misc":{"Tiempo de lectura":"1 minuto"},"schema":{"@context":"https:\/\/schema.org","@graph":[{"@type":"WebPage","@id":"https:\/\/trofeosmotiva.com\/index.php\/about-us\/","url":"https:\/\/trofeosmotiva.com\/index.php\/about-us\/","name":"Nosotros - Trofeos Reconocimientos y Medallas","isPartOf":{"@id":"https:\/\/trofeosmotiva.com\/#website"},"primaryImageOfPage":{"@id":"https:\/\/trofeosmotiva.com\/index.php\/about-us\/#primaryimage"},"image":{"@id":"https:\/\/trofeosmotiva.com\/index.php\/about-us\/#primaryimage"},"thumbnailUrl":"https:\/\/trofeosmotiva.com\/wp-content\/uploads\/2025\/10\/843de7e3-7d73-4aa8-9deb-37565a53fa16-e1761461795311-1024x688.jpeg","datePublished":"2022-04-28T13:50:13+00:00","dateModified":"2025-10-26T06:56:48+00:00","breadcrumb":{"@id":"https:\/\/trofeosmotiva.com\/index.php\/about-us\/#breadcrumb"},"inLanguage":"es","potentialAction":[{"@type":"ReadAction","target":["https:\/\/trofeosmotiva.com\/index.php\/about-us\/"]}]},{"@type":"ImageObject","inLanguage":"es","@id":"https:\/\/trofeosmotiva.com\/index.php\/about-us\/#primaryimage","url":"https:\/\/trofeosmotiva.com\/wp-content\/uploads\/2025\/10\/843de7e3-7d73-4aa8-9deb-37565a53fa16-e1761461795311.jpeg","contentUrl":"https:\/\/trofeosmotiva.com\/wp-content\/uploads\/2025\/10\/843de7e3-7d73-4aa8-9deb-37565a53fa16-e1761461795311.jpeg","width":1280,"height":860},{"@type":"BreadcrumbList","@id":"https:\/\/trofeosmotiva.com\/index.php\/about-us\/#breadcrumb","itemListElement":[{"@type":"ListItem","position":1,"name":"Portada","item":"https:\/\/trofeosmotiva.com\/"},{"@type":"ListItem","position":2,"name":"Nosotros"}]},{"@type":"WebSite","@id":"https:\/\/trofeosmotiva.com\/#website","url":"https:\/\/trofeosmotiva.com\/","name":"Trofeos Reconocimientos y Medallas","description":"Especialistas en premiaciones con 20 de a\u00f1os de experiencia en corte y grabado l\u00e1ser, nos especializamos en trofeos de cristal, vidrio y acr\u00edlico.","publisher":{"@id":"https:\/\/trofeosmotiva.com\/#organization"},"potentialAction":[{"@type":"SearchAction","target":{"@type":"EntryPoint","urlTemplate":"https:\/\/trofeosmotiva.com\/?s={search_term_string}"},"query-input":{"@type":"PropertyValueSpecification","valueRequired":true,"valueName":"search_term_string"}}],"inLanguage":"es"},{"@type":"Organization","@id":"https:\/\/trofeosmotiva.com\/#organization","name":"Trofeos Reconocimientos y Medallas","url":"https:\/\/trofeosmotiva.com\/","logo":{"@type":"ImageObject","inLanguage":"es","@id":"https:\/\/trofeosmotiva.com\/#\/schema\/logo\/image\/","url":"https:\/\/trofeosmotiva.com\/wp-content\/uploads\/2025\/10\/ARCHIVOMOTIVA-2023.png","contentUrl":"https:\/\/trofeosmotiva.com\/wp-content\/uploads\/2025\/10\/ARCHIVOMOTIVA-2023.png","width":2191,"height":1008,"caption":"Trofeos Reconocimientos y Medallas"},"image":{"@id":"https:\/\/trofeosmotiva.com\/#\/schema\/logo\/image\/"}}]}},"jetpack_sharing_enabled":true,"_links":{"self":[{"href":"https:\/\/trofeosmotiva.com\/index.php\/wp-json\/wp\/v2\/pages\/690","targetHints":{"allow":["GET"]}}],"collection":[{"href":"https:\/\/trofeosmotiva.com\/index.php\/wp-json\/wp\/v2\/pages"}],"about":[{"href":"https:\/\/trofeosmotiva.com\/index.php\/wp-json\/wp\/v2\/types\/page"}],"author":[{"embeddable":true,"href":"https:\/\/trofeosmotiva.com\/index.php\/wp-json\/wp\/v2\/users\/1"}],"replies":[{"embeddable":true,"href":"https:\/\/trofeosmotiva.com\/index.php\/wp-json\/wp\/v2\/comments?post=690"}],"version-history":[{"count":7,"href":"https:\/\/trofeosmotiva.com\/index.php\/wp-json\/wp\/v2\/pages\/690\/revisions"}],"predecessor-version":[{"id":775,"href":"https:\/\/trofeosmotiva.com\/index.php\/wp-json\/wp\/v2\/pages\/690\/revisions\/775"}],"wp:attachment":[{"href":"https:\/\/trofeosmotiva.com\/index.php\/wp-json\/wp\/v2\/media?parent=690"}],"curies":[{"name":"wp","href":"https:\/\/api.w.org\/{rel}","templated":true}]}}